{"id":86752,"date":"2024-07-01T16:37:16","date_gmt":"2024-07-01T19:37:16","guid":{"rendered":"https:\/\/swisscam.com.br\/pavilhao-suico\/feimec\/"},"modified":"2024-07-01T18:27:46","modified_gmt":"2024-07-01T21:27:46","slug":"feimec","status":"publish","type":"page","link":"https:\/\/swisscam.com.br\/en\/pavilhao-suico\/feimec\/","title":{"rendered":"FEIMEC"},"content":{"rendered":"<h4>Feira Internacional de M\u00e1quinas-Ferramenta e Sistemas Integrados de Manufatura<\/h4>\n<p>A Su\u00ed\u00e7a \u00e9 reconhecida no mundo inteiro pela precis\u00e3o das suas m\u00e1quinas industriais, usadas em todos os setores, sejam estes t\u00eaxtil, de ferramentas, aliment\u00edcio, gr\u00e1fico ou farmac\u00eautico.<\/p>\n<p>Por isto, nada mais adequado que apresentar os produtos su\u00ed\u00e7os de \u00faltima gera\u00e7\u00e3o na maior feira do setor no Hemisf\u00e9rio Sul: a FEIMAFE, Feira Internacional de M\u00e1quinas-Ferramenta e de Sistemas Integrados de Manufatura.<\/p>\n","protected":false},"excerpt":{"rendered":"<p>Feira Internacional de M\u00e1quinas-Ferramenta e Sistemas Integrados de Manufatura A Su\u00ed\u00e7a \u00e9 reconhecida no mundo inteiro pela precis\u00e3o das suas m\u00e1quinas industriais, usadas em todos os setores, sejam estes t\u00eaxtil, de ferramentas, aliment\u00edcio, gr\u00e1fico ou farmac\u00eautico. Por isto, nada mais adequado que apresentar os produtos su\u00ed\u00e7os de \u00faltima gera\u00e7\u00e3o na maior feira do setor no [&hellip;]<\/p>\n","protected":false},"author":435,"featured_media":0,"parent":48660,"menu_order":0,"comment_status":"closed","ping_status":"closed","template":"page-eventos4.php","meta":{"_acf_changed":false,"footnotes":""},"class_list":["post-86752","page","type-page","status-publish","hentry"],"acf":[],"_links":{"self":[{"href":"https:\/\/swisscam.com.br\/en\/wp-json\/wp\/v2\/pages\/86752","targetHints":{"allow":["GET"]}}],"collection":[{"href":"https:\/\/swisscam.com.br\/en\/wp-json\/wp\/v2\/pages"}],"about":[{"href":"https:\/\/swisscam.com.br\/en\/wp-json\/wp\/v2\/types\/page"}],"author":[{"embeddable":true,"href":"https:\/\/swisscam.com.br\/en\/wp-json\/wp\/v2\/users\/435"}],"replies":[{"embeddable":true,"href":"https:\/\/swisscam.com.br\/en\/wp-json\/wp\/v2\/comments?post=86752"}],"version-history":[{"count":2,"href":"https:\/\/swisscam.com.br\/en\/wp-json\/wp\/v2\/pages\/86752\/revisions"}],"predecessor-version":[{"id":86759,"href":"https:\/\/swisscam.com.br\/en\/wp-json\/wp\/v2\/pages\/86752\/revisions\/86759"}],"up":[{"embeddable":true,"href":"https:\/\/swisscam.com.br\/en\/wp-json\/wp\/v2\/pages\/48660"}],"wp:attachment":[{"href":"https:\/\/swisscam.com.br\/en\/wp-json\/wp\/v2\/media?parent=86752"}],"curies":[{"name":"wp","href":"https:\/\/api.w.org\/{rel}","templated":true}]}}